{"id":14098,"date":"2014-12-27T15:18:04","date_gmt":"2014-12-27T14:18:04","guid":{"rendered":"https:\/\/biname.be\/?product=isolerende-mat-klasse-2-17000-volt-10mx1m"},"modified":"2024-10-01T00:33:10","modified_gmt":"2024-09-30T22:33:10","slug":"isolerende-mat-klasse-2-17000-volt","status":"publish","type":"product","link":"https:\/\/biname.be\/nl\/winkel\/product-categorie\/product\/isolerende-mat-klasse-2-17000-volt\/","title":{"rendered":"Isolerende mat klasse 2 &#8211; 17000 Volt &#8211; 10mx1m"},"content":{"rendered":"<p>Isolerende rubberen mat \u2013 classe 2 \u2013 grijze kleur<br \/>\nAanbevolen max. Werkspanning : 17,000 Volt AC<br \/>\nTest Voltage : 20,000 Volt AC<br \/>\nProefspanning : 30,000 Volt AC<br \/>\nTextuur mat : geribbeld boven \u2013 gedoekt onder<br \/>\nMarkering onder<br \/>\nAfmeting rol : 10m x 1m x 3 mm dikte<br \/>\nGewicht per rol : 34 kg = 3,4 kg\/m\u00b2<br \/>\nConform met:<br \/>\nIEC 61111 (International standard)<br \/>\nEN 61111 (European Standard)<\/p>\n","protected":false},"excerpt":{"rendered":"<p>Een isolerende rubberen mat wordt beschouwd als een Persoonlijk BeschermingsMiddel! \u00a0(PBM) Deze wordt v\u00f3\u00f3r de schakelkasten en andere hoogspanning- apparaten geplaatst. Zij wordt gebruikt in industri\u00eben om de arbeiders te beschermen tegen een elektrische vlamboog.<\/p>\n","protected":false},"featured_media":4521,"template":"","meta":[],"product_cat":[4698],"product_tag":[],"class_list":{"0":"post-14098","1":"product","2":"type-product","3":"status-publish","4":"has-post-thumbnail","6":"product_cat-isolerende-matten","7":"pa_class-classe-2-nl","8":"pa_conform-iec-61111-nl","9":"pa_dimensions-roll-10m-x-1m-x-3mm-nl","10":"pa_length-10m-nl","11":"pa_max-use-voltage-17000-volt-ac-nl","12":"pa_surface-geribbeld-nl","13":"pa_thickness-3mm-nl","14":"pa_width-1m-nl","16":"first","17":"outofstock","18":"sold-individually","19":"shipping-taxable","20":"purchasable","21":"product-type-simple"},"_links":{"self":[{"href":"https:\/\/biname.be\/nl\/wp-json\/wp\/v2\/product\/14098","targetHints":{"allow":["GET"]}}],"collection":[{"href":"https:\/\/biname.be\/nl\/wp-json\/wp\/v2\/product"}],"about":[{"href":"https:\/\/biname.be\/nl\/wp-json\/wp\/v2\/types\/product"}],"wp:featuredmedia":[{"embeddable":true,"href":"https:\/\/biname.be\/nl\/wp-json\/wp\/v2\/media\/4521"}],"wp:attachment":[{"href":"https:\/\/biname.be\/nl\/wp-json\/wp\/v2\/media?parent=14098"}],"wp:term":[{"taxonomy":"product_cat","embeddable":true,"href":"https:\/\/biname.be\/nl\/wp-json\/wp\/v2\/product_cat?post=14098"},{"taxonomy":"product_tag","embeddable":true,"href":"https:\/\/biname.be\/nl\/wp-json\/wp\/v2\/product_tag?post=14098"}],"curies":[{"name":"wp","href":"https:\/\/api.w.org\/{rel}","templated":true}]}}