{"id":20400,"date":"2024-09-20T17:24:32","date_gmt":"2024-09-20T15:24:32","guid":{"rendered":"https:\/\/biname.be\/product\/grenouilles-pour-cables-en-cuivre-et-en-acier\/"},"modified":"2024-09-20T17:24:32","modified_gmt":"2024-09-20T15:24:32","slug":"grenouilles-pour-cables-en-cuivre-et-en-acier","status":"publish","type":"product","link":"https:\/\/biname.be\/fr\/boutique\/categorie-produit\/produit\/grenouilles-pour-cables-en-cuivre-et-en-acier\/","title":{"rendered":"GRENOUILLES POUR C\u00c2BLES EN CUIVRE ET EN ACIER"},"content":{"rendered":"<p>Grenouilles pour c\u00e2bles en cuivre et en acier <\/p>\n<ul>\n<li><strong>Utilisation polyvalente :<\/strong> Les m\u00e2choires de serrage parall\u00e8les et allong\u00e9es sont fabriqu\u00e9es en acier tremp\u00e9 de premi\u00e8re qualit\u00e9.<\/li>\n<li><strong>R\u00e9sistance accrue \u00e0 la corrosion :<\/strong> Les composants sont \u00e0 la fois galvanis\u00e9s et polis pour une protection optimale.<\/li>\n<li><strong>Construit pour durer :<\/strong> Fabriqu\u00e9 \u00e0 l&#8217;aide d&#8217;une technologie avanc\u00e9e de formage \u00e0 froid, il garantit des performances durables.<\/li>\n<li><strong>Fonctionnement sans effort :<\/strong> Conception ergonomique pour une utilisation facile.<\/li>\n<li><strong>D\u00e9clenchement \u00e0 distance en option :<\/strong> \u00c9quip\u00e9 d&#8217;un trou dans la m\u00e2choire de serrage pour une fonction de d\u00e9clenchement \u00e0 distance.<\/li>\n<li><strong>Poign\u00e9e automatique :<\/strong> Le m\u00e9canisme \u00e0 ressort maintient fermement le c\u00e2ble tendu.<\/li>\n<li><strong>Support de traction maximal :<\/strong> Tenue antid\u00e9rapante, m\u00eame sous forte tension.<\/li>\n<\/ul>\n<p>  Nos pinces \u00e0 c\u00e2ble constituent une solution fiable pour tendre en toute s\u00e9curit\u00e9 les c\u00e2bles en cuivre et en acier.<br \/>\nAvec des applications polyvalentes dans des secteurs tels que la fabrication, l&#8217;agriculture et la construction de ponts, ces pinces sont con\u00e7ues pour un large \u00e9ventail de t\u00e2ches.<br \/>\nLe profil sp\u00e9cialement con\u00e7u des m\u00e2choires de serrage garantit que les c\u00e2bles sont maintenus en toute s\u00e9curit\u00e9 sans endommager le mat\u00e9riau tendu.    \n<table id=\"tablepress-41\" class=\"tablepress tablepress-id-41\">\n<thead>\n<tr class=\"row-1\">\n\t<th class=\"column-1\">Article<\/th><th class=\"column-2\">Type<\/th><th class=\"column-3\">Cable \u00d8 mm<\/th><th class=\"column-4\">Cable cross-section (mm\u00b2)<\/th><th class=\"column-5\">Eye size (mm round\/oval)<\/th><th class=\"column-6\">Breaking Load Limit (kg)<\/th><th class=\"column-7\">Working Load Limit (kg)<\/th><th class=\"column-8\">Remote release (\u00d8 mm<\/th><th class=\"column-9\">Weight (kg)<\/th>\n<\/tr>\n<\/thead>\n<tbody class=\"row-striping row-hover\">\n<tr class=\"row-2\">\n\t<td class=\"column-1\">SC-1-5-12504<\/td><td class=\"column-2\">Size 0<\/td><td class=\"column-3\">1-5<\/td><td class=\"column-4\">1-16<\/td><td class=\"column-5\">20 round<\/td><td class=\"column-6\">1250<\/td><td class=\"column-7\">500<\/td><td class=\"column-8\">-<\/td><td class=\"column-9\">0,25<\/td>\n<\/tr>\n<tr class=\"row-3\">\n\t<td class=\"column-1\">SC-3-9-12511<\/td><td class=\"column-2\">Size 1<\/td><td class=\"column-3\">3-9<\/td><td class=\"column-4\">6-35<\/td><td class=\"column-5\">22 round<\/td><td class=\"column-6\">2500<\/td><td class=\"column-7\">1000<\/td><td class=\"column-8\">5<\/td><td class=\"column-9\">0,85<\/td>\n<\/tr>\n<tr class=\"row-4\">\n\t<td class=\"column-1\">SC-4-12-12528<\/td><td class=\"column-2\">Size 2<\/td><td class=\"column-3\">4-12<\/td><td class=\"column-4\">16-70<\/td><td class=\"column-5\">27 round<\/td><td class=\"column-6\">4500<\/td><td class=\"column-7\">1700<\/td><td class=\"column-8\">5<\/td><td class=\"column-9\">1,27<\/td>\n<\/tr>\n<tr class=\"row-5\">\n\t<td class=\"column-1\">SC-6-18-12535<\/td><td class=\"column-2\">Size 3<\/td><td class=\"column-3\">6-18<\/td><td class=\"column-4\">20-150<\/td><td class=\"column-5\">25x38 oval<\/td><td class=\"column-6\">7000<\/td><td class=\"column-7\">3000<\/td><td class=\"column-8\">5,5<\/td><td class=\"column-9\">1,83<\/td>\n<\/tr>\n<tr class=\"row-6\">\n\t<td class=\"column-1\">SC-10-28-12542<\/td><td class=\"column-2\">Size 4<\/td><td class=\"column-3\">10-28<\/td><td class=\"column-4\">90-400<\/td><td class=\"column-5\">30x40 oval<\/td><td class=\"column-6\">8000<\/td><td class=\"column-7\">3500<\/td><td class=\"column-8\">5,5<\/td><td class=\"column-9\">4,00<\/td>\n<\/tr>\n<tr class=\"row-7\">\n\t<td class=\"column-1\">SC-20-40-12559<\/td><td class=\"column-2\">Size 5<\/td><td class=\"column-3\">20-40<\/td><td class=\"column-4\">240-800<\/td><td class=\"column-5\">30x40 oval<\/td><td class=\"column-6\">9000<\/td><td class=\"column-7\">4000<\/td><td class=\"column-8\">5,5<\/td><td class=\"column-9\">6,00<\/td>\n<\/tr>\n<\/tbody>\n<\/table>\n<!-- #tablepress-41 from cache --><\/p>\n<p>&nbsp;<\/p>\n","protected":false},"excerpt":{"rendered":"<p>Pinces pour c\u00e2bles en cuivre et en acier<\/p>\n","protected":false},"featured_media":20399,"template":"","meta":[],"product_cat":[7399],"product_tag":[],"class_list":{"0":"post-20400","1":"product","2":"type-product","3":"status-publish","4":"has-post-thumbnail","6":"product_cat-outils-pour-cables","8":"first","9":"instock","10":"sold-individually","11":"shipping-taxable","12":"product-type-simple"},"_links":{"self":[{"href":"https:\/\/biname.be\/fr\/wp-json\/wp\/v2\/product\/20400","targetHints":{"allow":["GET"]}}],"collection":[{"href":"https:\/\/biname.be\/fr\/wp-json\/wp\/v2\/product"}],"about":[{"href":"https:\/\/biname.be\/fr\/wp-json\/wp\/v2\/types\/product"}],"wp:featuredmedia":[{"embeddable":true,"href":"https:\/\/biname.be\/fr\/wp-json\/wp\/v2\/media\/20399"}],"wp:attachment":[{"href":"https:\/\/biname.be\/fr\/wp-json\/wp\/v2\/media?parent=20400"}],"wp:term":[{"taxonomy":"product_cat","embeddable":true,"href":"https:\/\/biname.be\/fr\/wp-json\/wp\/v2\/product_cat?post=20400"},{"taxonomy":"product_tag","embeddable":true,"href":"https:\/\/biname.be\/fr\/wp-json\/wp\/v2\/product_tag?post=20400"}],"curies":[{"name":"wp","href":"https:\/\/api.w.org\/{rel}","templated":true}]}}