{"id":15443,"date":"2016-12-09T18:56:11","date_gmt":"2016-12-09T17:56:11","guid":{"rendered":"https:\/\/biname.be\/?product=gants-isolants-classe-1-jaune"},"modified":"2024-09-29T12:26:53","modified_gmt":"2024-09-29T10:26:53","slug":"gants-isolants-classe-1-1","status":"publish","type":"product","link":"https:\/\/biname.be\/fr\/boutique\/categorie-produit\/produit\/gants-isolants-classe-1-1\/","title":{"rendered":"Gants isolants Classe 1"},"content":{"rendered":"<p>Gants isolants classe 1<br \/>\nPour une tension de service jusqu&#8217;\u00e0 7500 Volt AC<\/p>\n<p>Une conception ergonomique combin\u00e9e \u00e0 un int\u00e9rieur l\u00e9g\u00e8rement poudr\u00e9 augmente le confort en apportant une douceur suppl\u00e9mentaire et permet d&#8217;enfiler et d&#8217;enlever le gant tr\u00e8s facilement.<br \/>\nLes gants isolants en latex non support\u00e9s doivent \u00eatre port\u00e9s avec un surgant en cuir appropri\u00e9 pour assurer la protection contre les risques m\u00e9caniques. (les surgants en cuir offrent une protection contre les coupures ou les d\u00e9chirures)<\/p>\n<h3><strong>Sp\u00e9cifications<\/strong><\/h3>\n<p>Nos gants en mat\u00e9riau isolant ont une forme ergonomique et sont fabriqu\u00e9s en latex naturel de haute qualit\u00e9 \u00e0 l&#8217;aide d&#8217;une ligne de production enti\u00e8rement automatis\u00e9e.<\/p>\n<p>Chaque gant est num\u00e9rot\u00e9 individuellement et test\u00e9 \u00e9lectriquement \u00e0 l&#8217;aide d&#8217;un dispositif de test contr\u00f4l\u00e9 par ordinateur.<br \/>\nLe rapport de ce test est joint \u00e0 l&#8217;emballage de chaque gant.<br \/>\nLa forme ergonomique et l&#8217;\u00e9lasticit\u00e9 du gant permettent un travail manuel confortable et facile, m\u00eame lorsque le gant int\u00e9rieur en coton anti-transpiration et\/ou le gant de protection en cuir sont port\u00e9s par-dessus.<\/p>\n\n<table id=\"tablepress-9\" class=\"tablepress tablepress-id-9\">\n<thead>\n<tr class=\"row-1\">\n\t<th class=\"column-1\">Article<\/th><th class=\"column-2\">Class<\/th><th class=\"column-3\">Max AC Voltage<\/th><th class=\"column-4\">Proof test voltage<\/th><th class=\"column-5\">Category<\/th><th class=\"column-6\">Sizes<\/th><th class=\"column-7\">Thickness<\/th><th class=\"column-8\">Glove color<\/th><th class=\"column-9\">Box test <\/th><th class=\"column-10\">ATPV<\/th>\n<\/tr>\n<\/thead>\n<tbody class=\"row-striping row-hover\">\n<tr class=\"row-2\">\n\t<td class=\"column-1\">ELS 10<\/td><td class=\"column-2\">1<\/td><td class=\"column-3\">7.500 V<\/td><td class=\"column-4\">10.000 V<\/td><td class=\"column-5\">RC<\/td><td class=\"column-6\">8,9,10,11,12<\/td><td class=\"column-7\">1,5 mm<\/td><td class=\"column-8\">Yellow<\/td><td class=\"column-9\">Class 2 (7kA\/0,5s)<\/td><td class=\"column-10\">5,22 cal\/cm\u00b2<\/td>\n<\/tr>\n<\/tbody>\n<\/table>\n<!-- #tablepress-9 from cache -->\n<p>Les gants ELS sont des gants de cat\u00e9gorie RC conform\u00e9ment \u00e0 la norme EN 60903:2003 + AC2:2005 et poss\u00e8dent des propri\u00e9t\u00e9s sp\u00e9ciales qui augmentent leur r\u00e9sistance :<\/p>\n<p>1. <strong>R<\/strong> &#8211; La cat\u00e9gorie R combine les caract\u00e9ristiques des cat\u00e9gories :<br \/>\n&#8211; <strong>A<\/strong> &#8211; r\u00e9sistant \u00e0 l&#8217;acide ;<br \/>\n&#8211; <strong>H<\/strong> &#8211; r\u00e9sistant \u00e0 l&#8217;huile ;<br \/>\n&#8211; <strong>Z &#8211; <\/strong> r\u00e9sistant \u00e0 l&#8217;ozone ;<\/p>\n<p>2. <strong>C<\/strong> &#8211; r\u00e9sistant \u00e0 des temp\u00e9ratures extr\u00eamement basses.<\/p>\n<h3><strong>Conformit\u00e9<\/strong><\/h3>\n<p>1. Nos gants ont \u00e9t\u00e9 certifi\u00e9s conformes \u00e0 la proc\u00e9dure d&#8217;essai de type de la norme EN 60903:2003 + AC2:2005. Ces gants r\u00e9pondent aux exigences essentielles de sant\u00e9 et de s\u00e9curit\u00e9 incluses dans le r\u00e8glement (UE) 2016\/425 du Parlement europ\u00e9en et du Conseil du 9 mars 2016. Ceci a \u00e9t\u00e9 confirm\u00e9 par le certificat UE\/428\/2020\/1437 \u00e9dition 1.<\/p>\n<p>2. Le fabricant d\u00e9clare que chaque gant mis sur le march\u00e9 a fait l&#8217;objet d&#8217;un essai \u00e9lectrique positif conform\u00e9ment \u00e0 la norme EN 60903:2003 + AC2:2005.<\/p>\n<p>3. Nos gants r\u00e9pondent aux exigences de la norme harmonis\u00e9e EN 420:2003 + A1:2009 &#8220;Gants de protection. Exigences g\u00e9n\u00e9rales et m\u00e9thodes d&#8217;essai&#8221;.<\/p>\n","protected":false},"excerpt":{"rendered":"<p>Gants isolants classe 1<br \/>\nPour une tension de service jusqu&#8217;\u00e0 7500 Volt AC<\/p>\n","protected":false},"featured_media":17229,"template":"","meta":[],"product_cat":[4709],"product_tag":[6937],"class_list":{"0":"post-15443","1":"product","2":"type-product","3":"status-publish","4":"has-post-thumbnail","6":"product_cat-gants-isolants-bord-droit","7":"product_tag-gants-isolants-fr","8":"pa_arcflash-atpv-522-cal-cm","9":"pa_arcflash-gs-et-29-class-2-7ka05sec-fr","10":"pa_brand_nc-biname-electroglove-en-fr","11":"pa_class-class-1-fr","12":"pa_cuff-bord-tranche-fr","13":"pa_glove-interior-chlorine-lisse-fr","14":"pa_length-of-glove-360-mm-fr","15":"pa_material-latex-fr","16":"pa_max-use-voltage-7500-volt-ac-fr","17":"pa_size-gloves-8-fr","18":"pa_size-gloves-6754","19":"pa_size-gloves-10-fr","20":"pa_size-gloves-11-fr","22":"first","23":"instock","24":"sold-individually","25":"shipping-taxable","26":"purchasable","27":"product-type-variable"},"_links":{"self":[{"href":"https:\/\/biname.be\/fr\/wp-json\/wp\/v2\/product\/15443","targetHints":{"allow":["GET"]}}],"collection":[{"href":"https:\/\/biname.be\/fr\/wp-json\/wp\/v2\/product"}],"about":[{"href":"https:\/\/biname.be\/fr\/wp-json\/wp\/v2\/types\/product"}],"wp:featuredmedia":[{"embeddable":true,"href":"https:\/\/biname.be\/fr\/wp-json\/wp\/v2\/media\/17229"}],"wp:attachment":[{"href":"https:\/\/biname.be\/fr\/wp-json\/wp\/v2\/media?parent=15443"}],"wp:term":[{"taxonomy":"product_cat","embeddable":true,"href":"https:\/\/biname.be\/fr\/wp-json\/wp\/v2\/product_cat?post=15443"},{"taxonomy":"product_tag","embeddable":true,"href":"https:\/\/biname.be\/fr\/wp-json\/wp\/v2\/product_tag?post=15443"}],"curies":[{"name":"wp","href":"https:\/\/api.w.org\/{rel}","templated":true}]}}