{"id":15169,"date":"2015-10-10T20:36:38","date_gmt":"2015-10-10T20:36:38","guid":{"rendered":"https:\/\/biname.be\/?product=coffret-ecp-3d-%e2%80%94-3-direction-coupure-400a-%e2%80%94-protection-200a"},"modified":"2015-10-11T00:14:19","modified_gmt":"2015-10-11T00:14:19","slug":"coffret-ecp-3d-3-directions-coupure-400a-protection-200a","status":"publish","type":"product","link":"https:\/\/biname.be\/fr\/boutique\/categorie-produit\/produit\/coffret-ecp-3d-3-directions-coupure-400a-protection-200a\/","title":{"rendered":"Coffret ECP-3D \u2014 3 direction coupure 400A \u2014 Protection 200A"},"content":{"rendered":"<p><strong>Le coffret ECP-3D permet de r\u00e9aliser un n\u0153ud \u00e9lectrique \u00e0 3 directions.<\/strong> <\/p>\n<p>Sur 2 des directions on pourra r\u00e9aliser : <br \/>\u2022 la coupure 400A du r\u00e9seau <br \/>\u2022 la protection g\u00e9n\u00e9rale par fusibles 200A d\u2019un branchement collectif en pied de colonne ou le branchement individuel d\u2019un abonn\u00e9 \u00e0 comptage de puissance. <\/p>\n<p>Le coffret peut \u00eatre install\u00e9 en limite de propri\u00e9t\u00e9, pour faciliter les op\u00e9rations, particuli\u00e8rement en cas d\u2019urgence (intervention des pompiers). Le coffret ECP-3D a \u00e9t\u00e9 con\u00e7u pour faciliter les travaux sous tension.<\/p>\n<p><strong>Le coffret ECP-3D se compose :<\/strong> <br \/>\u2022 D\u2019une enveloppe avec fermeture de s\u00e9curit\u00e9 <br \/>\u2022 Abritant deux jeux de bases porte fusible isol\u00e9es + neutre, \u00e9quip\u00e9es de connecteurs \u00e0 coulisseaux imperdables facilitant l\u2019introduction et la connexion des c\u00e2bles <br \/>\u2022 Contr\u00f4le du couple de serrage du c\u00e2ble, \u00e0 l\u2019aide de vis \u00e0 t\u00eate fusible <br \/>\u2022 R\u00e9alimentation 400A sur 3 directions <br \/>\u2022 Ecrans isolants pour protection IP2x, avec accessibilit\u00e9 p\u00f4le par p\u00f4le <\/p>\n<p><strong>Principales caract\u00e9ristiques:<\/strong> <br \/>\u2022 Conforme \u00e0 la sp\u00e9cification HN 63-S-63 <br \/>\u2022 Fabriqu\u00e9 en polyester renforc\u00e9 fibres de verre, autoextinguible, <br \/>\u2022 r\u00e9sistant aux intemp\u00e9ries, r\u00e9sistance m\u00e9canique et chimique selon CEI 62208, degr\u00e9 de protection \u00e9lev\u00e9 IP43 selon CEI 60529, grande r\u00e9sistance \u00e0 l\u2019impact IK10 selon CEI 62262 <br \/>\u2022 Bases porte fusibles IP2x pour fusibles CEI 269, taille 2, 200A, entraxe 115, et pour barrettes de sectionnement 400A <br \/>\u2022 Pour c\u00e2bles Al \/ Cu, de 50 \u00e0 240mm\u00b2, <br \/>\u2022 Connexion des c\u00e2bles par vis \u00e0 t\u00eate fusible pour contr\u00f4le de couple.<\/p>\n","protected":false},"excerpt":{"rendered":"<p><strong>Le coffret ECP-3D permet de r\u00e9aliser un n\u0153ud \u00e9lectrique \u00e0 3 directions.<\/strong>\u00a0<\/p>\n","protected":false},"featured_media":6798,"template":"","meta":[],"product_cat":[4853],"product_tag":[],"class_list":{"0":"post-15169","1":"product","2":"type-product","3":"status-publish","4":"has-post-thumbnail","6":"product_cat-electricite","8":"first","9":"outofstock","10":"sold-individually","11":"shipping-taxable","12":"purchasable","13":"product-type-simple"},"_links":{"self":[{"href":"https:\/\/biname.be\/fr\/wp-json\/wp\/v2\/product\/15169","targetHints":{"allow":["GET"]}}],"collection":[{"href":"https:\/\/biname.be\/fr\/wp-json\/wp\/v2\/product"}],"about":[{"href":"https:\/\/biname.be\/fr\/wp-json\/wp\/v2\/types\/product"}],"wp:featuredmedia":[{"embeddable":true,"href":"https:\/\/biname.be\/fr\/wp-json\/wp\/v2\/media\/6798"}],"wp:attachment":[{"href":"https:\/\/biname.be\/fr\/wp-json\/wp\/v2\/media?parent=15169"}],"wp:term":[{"taxonomy":"product_cat","embeddable":true,"href":"https:\/\/biname.be\/fr\/wp-json\/wp\/v2\/product_cat?post=15169"},{"taxonomy":"product_tag","embeddable":true,"href":"https:\/\/biname.be\/fr\/wp-json\/wp\/v2\/product_tag?post=15169"}],"curies":[{"name":"wp","href":"https:\/\/api.w.org\/{rel}","templated":true}]}}