{"id":15088,"date":"2015-03-22T18:49:17","date_gmt":"2015-03-22T17:49:17","guid":{"rendered":"https:\/\/biname.be\/?product=indicateur-permanent-passif-de-tension-visivolt-usage-interieur-ou-exterieur"},"modified":"2024-06-24T00:38:58","modified_gmt":"2024-06-23T22:38:58","slug":"indicateur-permanent-passif-de-tension-visivolt-usage-interieur-ou-exterieur","status":"publish","type":"product","link":"https:\/\/biname.be\/fr\/boutique\/categorie-produit\/produit\/indicateur-permanent-passif-de-tension-visivolt-usage-interieur-ou-exterieur\/","title":{"rendered":"Indicateur permanent passif de tension, Visivolt- Usage int\u00e9rieur ou ext\u00e9rieur"},"content":{"rendered":"<p>\u25cf Le Visivolt est un indicateur de pr\u00e9- sence tension compact et facilement installable pour usage int\u00e9rieur et ext\u00e9rieur pour applications en moyenne tension. Cette technologie innovente est bas\u00e9e sur la technologie des cristaux liquides et n\u2018a pas besoin de circuit \u00e9lectronique ni d\u2019alimentation pour fonctionner, ce qui en fait un appareil robuste et durable. Le Visivolt est aliment\u00e9 par le champ \u00e9lectrique entourrant le conducteur sous tension sur lequel il est install\u00e9. L\u2019\u00e9cran du VisiVolt procure une bonne visibilit\u00e9 dans toutes circonstances &#8211; lumi\u00e8re attenu\u00e9e en int\u00e9rieur ou en pleine lumi\u00e8re du jour \u00e0 l\u2019ext\u00e9rieur. <br \/>\u25cf Utilisable sur tous conducteurs nus moyenne tension pour installation permanente. <br \/>\u25cf Pour tension nominal de 3 \u00e0 36 kV (3,6 \u00e0 17,5 kV et 17,5 \u00e0 40 KV) <br \/>\u25cf Pr\u00e9sence tension indiqu\u00e9 \u00e0 tout moment. <br \/>\u25cf Peut \u00eatre install\u00e9 sur : <br \/>\u25ba Jeux de barres <br \/>\u25ba Conducteurs &#8211; non-arm\u00e9e, nus ou isol\u00e9 &#8211; de tout diam\u00e8tre ou section.<\/p>\n","protected":false},"excerpt":{"rendered":"<p>\u25cf Le Visivolt est un indicateur de pr\u00e9- sence tension compact et facilement installable pour usage int\u00e9rieur et ext\u00e9rieur pour applications en moyenne tension.<\/p>\n","protected":false},"featured_media":18173,"template":"","meta":[],"product_cat":[4673,6870],"product_tag":[],"class_list":{"0":"post-15088","1":"product","2":"type-product","3":"status-publish","4":"has-post-thumbnail","6":"product_cat-detecteurs","7":"product_cat-detecteurs-ht","9":"first","10":"outofstock","11":"sold-individually","12":"shipping-taxable","13":"purchasable","14":"product-type-simple"},"_links":{"self":[{"href":"https:\/\/biname.be\/fr\/wp-json\/wp\/v2\/product\/15088","targetHints":{"allow":["GET"]}}],"collection":[{"href":"https:\/\/biname.be\/fr\/wp-json\/wp\/v2\/product"}],"about":[{"href":"https:\/\/biname.be\/fr\/wp-json\/wp\/v2\/types\/product"}],"wp:featuredmedia":[{"embeddable":true,"href":"https:\/\/biname.be\/fr\/wp-json\/wp\/v2\/media\/18173"}],"wp:attachment":[{"href":"https:\/\/biname.be\/fr\/wp-json\/wp\/v2\/media?parent=15088"}],"wp:term":[{"taxonomy":"product_cat","embeddable":true,"href":"https:\/\/biname.be\/fr\/wp-json\/wp\/v2\/product_cat?post=15088"},{"taxonomy":"product_tag","embeddable":true,"href":"https:\/\/biname.be\/fr\/wp-json\/wp\/v2\/product_tag?post=15088"}],"curies":[{"name":"wp","href":"https:\/\/api.w.org\/{rel}","templated":true}]}}