{"id":14928,"date":"2015-01-17T21:46:19","date_gmt":"2015-01-17T21:46:19","guid":{"rendered":"https:\/\/biname.be\/?product=scie-isolee"},"modified":"2015-01-17T21:47:30","modified_gmt":"2015-01-17T21:47:30","slug":"scie-isolee-1","status":"publish","type":"product","link":"https:\/\/biname.be\/fr\/boutique\/categorie-produit\/produit\/scie-isolee-1\/","title":{"rendered":"Scie isol\u00e9e"},"content":{"rendered":"<p>\u2022 Poign\u00e9e isol\u00e9e \u00e0 IEC 60900 <br \/>\u2022 Cadre en fer plat renforc\u00e9 10 x 5 mm <br \/>\u2022 Avec poign\u00e9e isol\u00e9e pour tendre la lame de scie<\/p>\n<table border=\"0\" width=\"456\" cellspacing=\"0\" cellpadding=\"0\">\n<colgroup>\n<col width=\"114\" \/>\n<col width=\"102\" \/>\n<col span=\"3\" width=\"80\" \/><\/colgroup>\n<tbody>\n<tr>\n<td style=\"text-align:center;\" width=\"114\" height=\"20\"><strong>Article<\/strong><\/td>\n<td style=\"text-align:center;\" width=\"102\"><strong>Cutting length<\/strong><\/td>\n<td style=\"text-align:center;\" width=\"80\"><strong>Length<\/strong><\/td>\n<td style=\"text-align:center;\" width=\"80\"><strong>Weight<\/strong><\/td>\n<td style=\"text-align:center;\" width=\"80\"><strong>Conform<\/strong><\/td>\n<\/tr>\n<tr>\n<td height=\"20\"> <\/td>\n<td style=\"text-align:center;\">mm<\/td>\n<td style=\"text-align:center;\">mm<\/td>\n<td style=\"text-align:center;\">gram<\/td>\n<td> <\/td>\n<\/tr>\n<tr>\n<td height=\"20\">EB766<\/td>\n<td style=\"text-align:center;\" align=\"right\">150<\/td>\n<td style=\"text-align:center;\" align=\"right\">280<\/td>\n<td style=\"text-align:center;\" align=\"right\">225<\/td>\n<td> <\/td>\n<\/tr>\n<tr>\n<td height=\"20\">EB771-1<\/td>\n<td>replacing blade<\/td>\n<td> <\/td>\n<td> <\/td>\n<td> <\/td>\n<\/tr>\n<\/tbody>\n<\/table>\n","protected":false},"excerpt":{"rendered":"<p>\u2022 Poign\u00e9e isol\u00e9e \u00e0 IEC 60900 <br \/>\u2022 Cadre en fer plat renforc\u00e9 10 x 5 mm <br \/>\u2022 Avec poign\u00e9e isol\u00e9e pour tendre la lame de scie<\/p>\n","protected":false},"featured_media":6174,"template":"","meta":[],"product_cat":[4820],"product_tag":[],"class_list":{"0":"post-14928","1":"product","2":"type-product","3":"status-publish","4":"has-post-thumbnail","6":"product_cat-scies-isolees","8":"first","9":"outofstock","10":"sold-individually","11":"shipping-taxable","12":"purchasable","13":"product-type-simple"},"_links":{"self":[{"href":"https:\/\/biname.be\/fr\/wp-json\/wp\/v2\/product\/14928","targetHints":{"allow":["GET"]}}],"collection":[{"href":"https:\/\/biname.be\/fr\/wp-json\/wp\/v2\/product"}],"about":[{"href":"https:\/\/biname.be\/fr\/wp-json\/wp\/v2\/types\/product"}],"wp:featuredmedia":[{"embeddable":true,"href":"https:\/\/biname.be\/fr\/wp-json\/wp\/v2\/media\/6174"}],"wp:attachment":[{"href":"https:\/\/biname.be\/fr\/wp-json\/wp\/v2\/media?parent=14928"}],"wp:term":[{"taxonomy":"product_cat","embeddable":true,"href":"https:\/\/biname.be\/fr\/wp-json\/wp\/v2\/product_cat?post=14928"},{"taxonomy":"product_tag","embeddable":true,"href":"https:\/\/biname.be\/fr\/wp-json\/wp\/v2\/product_tag?post=14928"}],"curies":[{"name":"wp","href":"https:\/\/api.w.org\/{rel}","templated":true}]}}