{"id":14904,"date":"2015-01-17T21:00:14","date_gmt":"2015-01-17T21:00:14","guid":{"rendered":"https:\/\/biname.be\/?product=couteau-isolant-a-denuder"},"modified":"2015-01-17T21:01:45","modified_gmt":"2015-01-17T21:01:45","slug":"couteau-isolant-a-denuder","status":"publish","type":"product","link":"https:\/\/biname.be\/fr\/boutique\/categorie-produit\/produit\/couteau-isolant-a-denuder\/","title":{"rendered":"Couteau isolant a d\u00e9nuder"},"content":{"rendered":"<p>\u2022 Isolation selon IEC 60900 <br \/>\u2022 Avec lame durable <br \/>\u2022 Bord de coupe court et cintr\u00e9e pour travail fin du c\u00e2ble <br \/>\u2022 Poign\u00e9e de s\u00e9curit\u00e9 faite de plastique r\u00e9sistant \u00e9lastique et un impact difficile <br \/>\u2022 Avec capuchon<\/p>\n<table border=\"0\" width=\"434\" cellspacing=\"0\" cellpadding=\"0\">\n<colgroup>\n<col width=\"114\" \/>\n<col span=\"4\" width=\"80\" \/><\/colgroup>\n<tbody>\n<tr>\n<td style=\"text-align:center;\" width=\"114\" height=\"20\"><strong>Article<\/strong><\/td>\n<td style=\"text-align:center;\" width=\"80\"><strong>Blade length<\/strong><\/td>\n<td style=\"text-align:center;\" width=\"80\"><strong>Length<\/strong><\/td>\n<td style=\"text-align:center;\" width=\"80\"><strong>Weight<\/strong><\/td>\n<td style=\"text-align:center;\" width=\"80\"><strong>Conform<\/strong><\/td>\n<\/tr>\n<tr>\n<td style=\"text-align:center;\" height=\"20\"> <\/td>\n<td style=\"text-align:center;\">mm<\/td>\n<td style=\"text-align:center;\">mm<\/td>\n<td style=\"text-align:center;\">gram<\/td>\n<td style=\"text-align:center;\"> <\/td>\n<\/tr>\n<tr>\n<td height=\"20\">EB525<\/td>\n<td style=\"text-align:center;\" align=\"right\">45<\/td>\n<td style=\"text-align:center;\" align=\"right\">165<\/td>\n<td style=\"text-align:center;\" align=\"right\">95<\/td>\n<td> <\/td>\n<\/tr>\n<tr>\n<td height=\"20\">EB5252K<\/td>\n<td style=\"text-align:center;\" align=\"right\">45<\/td>\n<td style=\"text-align:center;\" align=\"right\">165<\/td>\n<td style=\"text-align:center;\" align=\"right\">95<\/td>\n<\/tr>\n<\/tbody>\n<\/table>\n","protected":false},"excerpt":{"rendered":"<p>\u2022 Isolation selon IEC 60900 <br \/>\u2022 Avec lame durable <br \/>\u2022 Bord de coupe court et cintr\u00e9e pour travail fin du c\u00e2ble <br \/>\u2022 Poign\u00e9e de s\u00e9curit\u00e9 faite de plastique r\u00e9sistant \u00e9lastique et un impact difficile <br \/>\u2022 Avec capuchon<\/p>\n","protected":false},"featured_media":6126,"template":"","meta":[],"product_cat":[4811],"product_tag":[],"class_list":{"0":"post-14904","1":"product","2":"type-product","3":"status-publish","4":"has-post-thumbnail","6":"product_cat-couteaux-isoles","8":"first","9":"outofstock","10":"sold-individually","11":"shipping-taxable","12":"purchasable","13":"product-type-simple"},"_links":{"self":[{"href":"https:\/\/biname.be\/fr\/wp-json\/wp\/v2\/product\/14904","targetHints":{"allow":["GET"]}}],"collection":[{"href":"https:\/\/biname.be\/fr\/wp-json\/wp\/v2\/product"}],"about":[{"href":"https:\/\/biname.be\/fr\/wp-json\/wp\/v2\/types\/product"}],"wp:featuredmedia":[{"embeddable":true,"href":"https:\/\/biname.be\/fr\/wp-json\/wp\/v2\/media\/6126"}],"wp:attachment":[{"href":"https:\/\/biname.be\/fr\/wp-json\/wp\/v2\/media?parent=14904"}],"wp:term":[{"taxonomy":"product_cat","embeddable":true,"href":"https:\/\/biname.be\/fr\/wp-json\/wp\/v2\/product_cat?post=14904"},{"taxonomy":"product_tag","embeddable":true,"href":"https:\/\/biname.be\/fr\/wp-json\/wp\/v2\/product_tag?post=14904"}],"curies":[{"name":"wp","href":"https:\/\/api.w.org\/{rel}","templated":true}]}}