{"id":14883,"date":"2015-01-17T19:26:41","date_gmt":"2015-01-17T19:26:41","guid":{"rendered":"https:\/\/biname.be\/?product=couteau-isolant-pour-denuder-les-cables"},"modified":"2015-01-17T19:27:45","modified_gmt":"2015-01-17T19:27:45","slug":"couteau-isolant-pour-denuder-les-cables","status":"publish","type":"product","link":"https:\/\/biname.be\/fr\/boutique\/categorie-produit\/produit\/couteau-isolant-pour-denuder-les-cables\/","title":{"rendered":"Couteau isolant pour d\u00e9nuder les c\u00e2bles"},"content":{"rendered":"<p>\u2022 Isolation selon IEC 60900 <br \/>\u2022 Avec lame durable et droite <br \/>\u2022 Lame droite <br \/>\u2022 Poign\u00e9e de s\u00e9curit\u00e9 faite de plastique souple et r\u00e9sistant<br \/>\u2022 Avec capuchon de s\u00e9curit\u00e9<\/p>\n<table border=\"0\" width=\"434\" cellspacing=\"0\" cellpadding=\"0\">\n<colgroup>\n<col width=\"114\" \/>\n<col span=\"4\" width=\"80\" \/><\/colgroup>\n<tbody>\n<tr>\n<td style=\"text-align:center;\" width=\"114\" height=\"20\"><strong>Article<\/strong><\/td>\n<td style=\"text-align:center;\" width=\"80\"><strong>Blade length<\/strong><\/td>\n<td style=\"text-align:center;\" width=\"80\"><strong>Length<\/strong><\/td>\n<td style=\"text-align:center;\" width=\"80\"><strong>Weight<\/strong><\/td>\n<td style=\"text-align:center;\" width=\"80\"><strong>Conform<\/strong><\/td>\n<\/tr>\n<tr>\n<td height=\"20\"> <\/td>\n<td style=\"text-align:center;\">mm<\/td>\n<td style=\"text-align:center;\">mm<\/td>\n<td style=\"text-align:center;\">gram<\/td>\n<td> <\/td>\n<\/tr>\n<tr>\n<td height=\"20\">EB500<\/td>\n<td style=\"text-align:center;\" align=\"right\">50<\/td>\n<td style=\"text-align:center;\" align=\"right\">210<\/td>\n<td style=\"text-align:center;\" align=\"right\">105<\/td>\n<td> <\/td>\n<\/tr>\n<tr>\n<td height=\"20\">EB5002K<\/td>\n<td style=\"text-align:center;\" align=\"right\">50<\/td>\n<td style=\"text-align:center;\" align=\"right\">210<\/td>\n<td style=\"text-align:center;\" align=\"right\">105<\/td>\n<td> <\/td>\n<\/tr>\n<\/tbody>\n<\/table>\n","protected":false},"excerpt":{"rendered":"<p>\u2022 Isolation selon IEC 60900 <br \/>\u2022 Avec lame durable et droite <br \/>\u2022 Lame droite <br \/>\u2022 Poign\u00e9e de s\u00e9curit\u00e9 faite de plastique souple et r\u00e9sistant<br \/>\u2022 Avec capuchon de s\u00e9curit\u00e9<\/p>\n","protected":false},"featured_media":6084,"template":"","meta":[],"product_cat":[4811],"product_tag":[],"class_list":{"0":"post-14883","1":"product","2":"type-product","3":"status-publish","4":"has-post-thumbnail","6":"product_cat-couteaux-isoles","8":"first","9":"outofstock","10":"sold-individually","11":"shipping-taxable","12":"purchasable","13":"product-type-simple"},"_links":{"self":[{"href":"https:\/\/biname.be\/fr\/wp-json\/wp\/v2\/product\/14883","targetHints":{"allow":["GET"]}}],"collection":[{"href":"https:\/\/biname.be\/fr\/wp-json\/wp\/v2\/product"}],"about":[{"href":"https:\/\/biname.be\/fr\/wp-json\/wp\/v2\/types\/product"}],"wp:featuredmedia":[{"embeddable":true,"href":"https:\/\/biname.be\/fr\/wp-json\/wp\/v2\/media\/6084"}],"wp:attachment":[{"href":"https:\/\/biname.be\/fr\/wp-json\/wp\/v2\/media?parent=14883"}],"wp:term":[{"taxonomy":"product_cat","embeddable":true,"href":"https:\/\/biname.be\/fr\/wp-json\/wp\/v2\/product_cat?post=14883"},{"taxonomy":"product_tag","embeddable":true,"href":"https:\/\/biname.be\/fr\/wp-json\/wp\/v2\/product_tag?post=14883"}],"curies":[{"name":"wp","href":"https:\/\/api.w.org\/{rel}","templated":true}]}}