{"id":13983,"date":"2014-12-20T14:45:03","date_gmt":"2014-12-20T13:45:03","guid":{"rendered":"https:\/\/biname.be\/?product=sac-a-gants"},"modified":"2016-11-25T21:44:06","modified_gmt":"2016-11-25T21:44:06","slug":"sac-a-gants","status":"publish","type":"product","link":"https:\/\/biname.be\/fr\/boutique\/categorie-produit\/produit\/sac-a-gants\/","title":{"rendered":"Sac \u00e0 gants"},"content":{"rendered":"<p>Sac de transport pour gants isolant, \u00e9quip\u00e9 d\u2019un mousqueton et d\u2019une boucle pour ceinture. Avec ou sans pot de talc.<\/p>\n","protected":false},"excerpt":{"rendered":"<p>Sac de transport pour gants isolant, \u00e9quip\u00e9 d\u2019un mousqueton et d\u2019une boucle pour ceinture. Avec ou sans pot de talc.<\/p>\n","protected":false},"featured_media":4200,"template":"","meta":[],"product_cat":[4721,4694],"product_tag":[],"class_list":{"0":"post-13983","1":"product","2":"type-product","3":"status-publish","4":"has-post-thumbnail","6":"product_cat-accessoires-pour-gants","7":"product_cat-sacs-et-rangements","9":"first","10":"instock","11":"sold-individually","12":"shipping-taxable","13":"product-type-simple"},"_links":{"self":[{"href":"https:\/\/biname.be\/fr\/wp-json\/wp\/v2\/product\/13983","targetHints":{"allow":["GET"]}}],"collection":[{"href":"https:\/\/biname.be\/fr\/wp-json\/wp\/v2\/product"}],"about":[{"href":"https:\/\/biname.be\/fr\/wp-json\/wp\/v2\/types\/product"}],"wp:featuredmedia":[{"embeddable":true,"href":"https:\/\/biname.be\/fr\/wp-json\/wp\/v2\/media\/4200"}],"wp:attachment":[{"href":"https:\/\/biname.be\/fr\/wp-json\/wp\/v2\/media?parent=13983"}],"wp:term":[{"taxonomy":"product_cat","embeddable":true,"href":"https:\/\/biname.be\/fr\/wp-json\/wp\/v2\/product_cat?post=13983"},{"taxonomy":"product_tag","embeddable":true,"href":"https:\/\/biname.be\/fr\/wp-json\/wp\/v2\/product_tag?post=13983"}],"curies":[{"name":"wp","href":"https:\/\/api.w.org\/{rel}","templated":true}]}}